{"id":19026,"date":"2023-12-19T07:12:35","date_gmt":"2023-12-19T06:12:35","guid":{"rendered":"https:\/\/za.chisagess.com\/?page_id=19026"},"modified":"2024-03-13T20:41:05","modified_gmt":"2024-03-13T19:41:05","slug":"thank-you","status":"publish","type":"page","link":"https:\/\/br.chisagess.com\/index.php\/thank-you\/","title":{"rendered":"Dzi\u0119kuj\u0119"},"content":{"rendered":"<h2 style=\"text-align: center;\">\u00ad<br \/>\n\u00ad<br \/>\nDzi\u0119kujemy za przes\u0142anie,<br \/>\nSkontaktujemy si\u0119 z Tob\u0105 w ci\u0105gu 8 godzin roboczych!<\/h2>\n","protected":false},"excerpt":{"rendered":"<p>\u00ad \u00ad Dzi\u0119kujemy za przes\u0142anie, Skontaktujemy si\u0119 z Tob\u0105  [&hellip;]<\/p>\n","protected":false},"author":1,"featured_media":0,"parent":0,"menu_order":0,"comment_status":"closed","ping_status":"closed","template":"elementor_header_footer","meta":{"site-sidebar-layout":"default","site-content-layout":"","ast-site-content-layout":"default","site-content-style":"default","site-sidebar-style":"default","ast-global-header-display":"","ast-banner-title-visibility":"","ast-main-header-display":"","ast-hfb-above-header-display":"","ast-hfb-below-header-display":"","ast-hfb-mobile-header-display":"","site-post-title":"","ast-breadcrumbs-content":"","ast-featured-img":"","footer-sml-layout":"","ast-disable-related-posts":"","theme-transparent-header-meta":"default","adv-header-id-meta":"","stick-header-meta":"default","header-above-stick-meta":"","header-main-stick-meta":"","header-below-stick-meta":"","astra-migrate-meta-layouts":"set","ast-page-background-enabled":"default","ast-page-background-meta":{"desktop":{"background-color":"","background-image":"","background-repeat":"repeat","background-position":"center center","background-size":"auto","background-attachment":"scroll","background-type":"","background-media":"","overlay-type":"","overlay-color":"","overlay-opacity":"","overlay-gradient":""},"tablet":{"background-color":"","background-image":"","background-repeat":"repeat","background-position":"center center","background-size":"auto","background-attachment":"scroll","background-type":"","background-media":"","overlay-type":"","overlay-color":"","overlay-opacity":"","overlay-gradient":""},"mobile":{"background-color":"","background-image":"","background-repeat":"repeat","background-position":"center center","background-size":"auto","background-attachment":"scroll","background-type":"","background-media":"","overlay-type":"","overlay-color":"","overlay-opacity":"","overlay-gradient":""}},"ast-content-background-meta":{"desktop":{"background-color":"var(--ast-global-color-5)","background-image":"","background-repeat":"repeat","background-position":"center center","background-size":"auto","background-attachment":"scroll","background-type":"","background-media":"","overlay-type":"","overlay-color":"","overlay-opacity":"","overlay-gradient":""},"tablet":{"background-color":"var(--ast-global-color-5)","background-image":"","background-repeat":"repeat","background-position":"center center","background-size":"auto","background-attachment":"scroll","background-type":"","background-media":"","overlay-type":"","overlay-color":"","overlay-opacity":"","overlay-gradient":""},"mobile":{"background-color":"var(--ast-global-color-5)","background-image":"","background-repeat":"repeat","background-position":"center center","background-size":"auto","background-attachment":"scroll","background-type":"","background-media":"","overlay-type":"","overlay-color":"","overlay-opacity":"","overlay-gradient":""}},"footnotes":""},"class_list":["post-19026","page","type-page","status-publish","hentry"],"_links":{"self":[{"href":"https:\/\/br.chisagess.com\/index.php\/wp-json\/wp\/v2\/pages\/19026","targetHints":{"allow":["GET"]}}],"collection":[{"href":"https:\/\/br.chisagess.com\/index.php\/wp-json\/wp\/v2\/pages"}],"about":[{"href":"https:\/\/br.chisagess.com\/index.php\/wp-json\/wp\/v2\/types\/page"}],"author":[{"embeddable":true,"href":"https:\/\/br.chisagess.com\/index.php\/wp-json\/wp\/v2\/users\/1"}],"replies":[{"embeddable":true,"href":"https:\/\/br.chisagess.com\/index.php\/wp-json\/wp\/v2\/comments?post=19026"}],"version-history":[{"count":7,"href":"https:\/\/br.chisagess.com\/index.php\/wp-json\/wp\/v2\/pages\/19026\/revisions"}],"predecessor-version":[{"id":19985,"href":"https:\/\/br.chisagess.com\/index.php\/wp-json\/wp\/v2\/pages\/19026\/revisions\/19985"}],"wp:attachment":[{"href":"https:\/\/br.chisagess.com\/index.php\/wp-json\/wp\/v2\/media?parent=19026"}],"curies":[{"name":"wp","href":"https:\/\/api.w.org\/{rel}","templated":true}]}}