{"id":20572,"date":"2024-06-07T07:15:51","date_gmt":"2024-06-07T05:15:51","guid":{"rendered":"https:\/\/www.chisagepolska.pl\/?page_id=20572"},"modified":"2024-08-09T09:49:15","modified_gmt":"2024-08-09T07:49:15","slug":"microinverter","status":"publish","type":"page","link":"https:\/\/br.chisagess.com\/index.php\/microinverter\/","title":{"rendered":"Mikroinwerter"},"content":{"rendered":"\t\t<div data-elementor-type=\"wp-page\" data-elementor-id=\"20572\" class=\"elementor elementor-20572\" data-elementor-post-type=\"page\">\n\t\t\t\t<div class=\"elementor-element elementor-element-adaed4b e-con-full e-flex e-con e-parent\" data-id=\"adaed4b\" data-element_type=\"container\" data-e-type=\"container\">\n\t\t\t\t<div class=\"elementor-element elementor-element-5e053cd elementor-widget elementor-widget-heading\" data-id=\"5e053cd\" data-element_type=\"widget\" data-e-type=\"widget\" data-widget_type=\"heading.default\">\n\t\t\t\t<div class=\"elementor-widget-container\">\n\t\t\t\t\t<h2 class=\"elementor-heading-title elementor-size-default\">Mikroinwerter<\/h2>\t\t\t\t<\/div>\n\t\t\t\t<\/div>\n\t\t\t\t<div class=\"elementor-element elementor-element-a48308a elementor-widget elementor-widget-text-editor\" data-id=\"a48308a\" data-element_type=\"widget\" data-e-type=\"widget\" data-widget_type=\"text-editor.default\">\n\t\t\t\t<div class=\"elementor-widget-container\">\n\t\t\t\t\t\t\t\t\t<p>Po latach dog\u0142\u0119bnych bada\u0144 i rozwoju na rynku mikroinwerter\u00f3w, nasze mikroinwertery zyska\u0142y zaufanie i uznanie naszych klient\u00f3w. Obecnie nasza firma oferuje dwa g\u0142\u00f3wne modele mikroinwerter\u00f3w: 800 W i 2000 W. Modele te s\u0105 zaprojektowane odpowiednio w konfiguracji jeden do dw\u00f3ch i jeden do czterech. S\u0105 lekkie, kompaktowe i przeznaczone do zastosowa\u0144 niskonapi\u0119ciowych o maksymalnym napi\u0119ciu sta\u0142ym 60 V. Nasze mikroinwertery maj\u0105 w pe\u0142ni hermetyczn\u0105 konstrukcj\u0119 IP67, 25-letni\u0105 \u017cywotno\u015b\u0107 i posiadaj\u0105 certyfikaty, takie jak EC62109, 61000 i VDE4105. Idealnie nadaj\u0105 si\u0119 do dachowych lub balkonowych system\u00f3w zasilania energi\u0105 s\u0142oneczn\u0105, zaspokajaj\u0105c zapotrzebowanie na energi\u0119 elektryczn\u0105 dom\u00f3w, biur, ma\u0142ych sklep\u00f3w i innych.<\/p><p>Z perspektywy sprz\u0119towej nasze mikroinwertery wykorzystuj\u0105 przeka\u017aniki Panasonic i uk\u0142ady scalone mikroczip\u00f3w, z komponentami pochodz\u0105cymi od mi\u0119dzynarodowych, uznanych marek. Wewn\u0119trzny uk\u0142ad okablowania jest estetyczny i bardzo praktyczny.<\/p><p>Z perspektywy oprogramowania nasze mikroinwertery maj\u0105 czas reakcji MPPT mniejszy ni\u017c 1 ms, przewy\u017cszaj\u0105c wi\u0119kszo\u015b\u0107 marek na rynku. Zawieraj\u0105 wiele mechanizm\u00f3w zabezpieczaj\u0105cych, w tym zabezpieczenie nadpr\u0105dowe, zabezpieczenie przed wahaniami napi\u0119cia sieciowego, zabezpieczenie przed odwrotnym pod\u0142\u0105czeniem, zabezpieczenie przed zwarciem i wiele innych. Ponadto te mikroinwertery s\u0105 wyposa\u017cone we wbudowane inteligentne systemy monitorowania i komunikacji dla wygody u\u017cytkownika.<\/p><p>Je\u015bli rozwa\u017casz zakup systemu mikroinwerter\u00f3w lub chcesz dowiedzie\u0107 si\u0119 wi\u0119cej o mikroinwerterach, nasz zesp\u00f3\u0142 ekspert\u00f3w ch\u0119tnie odpowie na Twoje pytania i zapewni spersonalizowane rozwi\u0105zania. Skontaktuj si\u0119 z nami ju\u017c dzi\u015b!<\/p>\t\t\t\t\t\t\t\t<\/div>\n\t\t\t\t<\/div>\n\t\t\t\t<\/div>\n\t\t<div class=\"elementor-element elementor-element-33924ad e-flex e-con-boxed e-con e-parent\" data-id=\"33924ad\" data-element_type=\"container\" data-e-type=\"container\" data-settings=\"{&quot;background_background&quot;:&quot;gradient&quot;}\">\n\t\t\t\t\t<div class=\"e-con-inner\">\n\t\t<div class=\"elementor-element elementor-element-18c5153 e-con-full e-flex e-con e-child\" data-id=\"18c5153\" data-element_type=\"container\" data-e-type=\"container\">\n\t\t\t\t<div class=\"elementor-element elementor-element-286e320 e-transform elementor-widget elementor-widget-image\" data-id=\"286e320\" data-element_type=\"widget\" data-e-type=\"widget\" data-settings=\"{&quot;_transform_scale_effect_hover&quot;:{&quot;unit&quot;:&quot;px&quot;,&quot;size&quot;:0.9,&quot;sizes&quot;:[]},&quot;_transform_scale_effect_hover_tablet&quot;:{&quot;unit&quot;:&quot;px&quot;,&quot;size&quot;:&quot;&quot;,&quot;sizes&quot;:[]},&quot;_transform_scale_effect_hover_mobile&quot;:{&quot;unit&quot;:&quot;px&quot;,&quot;size&quot;:&quot;&quot;,&quot;sizes&quot;:[]}}\" data-widget_type=\"image.default\">\n\t\t\t\t<div class=\"elementor-widget-container\">\n\t\t\t\t\t\t\t\t\t\t\t\t\t\t\t\t<a href=\"https:\/\/br.chisagess.com\/index.php\/products\/micro-inverter-ant-800g1\/\">\n\t\t\t\t\t\t\t<img fetchpriority=\"high\" decoding=\"async\" width=\"1000\" height=\"1000\" src=\"https:\/\/br.chisagess.com\/wp-content\/uploads\/2024\/06\/CHISAGE-ESS-Ant-800G1-Microinverter-Product-Pictures-01.jpg\" class=\"attachment-large size-large wp-image-20574\" alt=\"\" srcset=\"https:\/\/br.chisagess.com\/wp-content\/uploads\/2024\/06\/CHISAGE-ESS-Ant-800G1-Microinverter-Product-Pictures-01.jpg 1000w, https:\/\/br.chisagess.com\/wp-content\/uploads\/2024\/06\/CHISAGE-ESS-Ant-800G1-Microinverter-Product-Pictures-01-300x300.jpg 300w, https:\/\/br.chisagess.com\/wp-content\/uploads\/2024\/06\/CHISAGE-ESS-Ant-800G1-Microinverter-Product-Pictures-01-150x150.jpg 150w, https:\/\/br.chisagess.com\/wp-content\/uploads\/2024\/06\/CHISAGE-ESS-Ant-800G1-Microinverter-Product-Pictures-01-768x768.jpg 768w\" sizes=\"(max-width: 1000px) 100vw, 1000px\" \/>\t\t\t\t\t\t\t\t<\/a>\n\t\t\t\t\t\t\t\t\t\t\t\t\t\t\t<\/div>\n\t\t\t\t<\/div>\n\t\t\t\t<div class=\"elementor-element elementor-element-1ba4585 elementor-widget elementor-widget-heading\" data-id=\"1ba4585\" data-element_type=\"widget\" data-e-type=\"widget\" data-widget_type=\"heading.default\">\n\t\t\t\t<div class=\"elementor-widget-container\">\n\t\t\t\t\t<h5 class=\"elementor-heading-title elementor-size-default\">Ant-800G1\n<\/h5>\t\t\t\t<\/div>\n\t\t\t\t<\/div>\n\t\t\t\t<div class=\"elementor-element elementor-element-a18a8b2 elementor-widget elementor-widget-text-editor\" data-id=\"a18a8b2\" data-element_type=\"widget\" data-e-type=\"widget\" data-widget_type=\"text-editor.default\">\n\t\t\t\t<div class=\"elementor-widget-container\">\n\t\t\t\t\t\t\t\t\t<p>800W Ameryka\u0144ski standardowy europejski standardowy mikroinwerter MPPT<\/p>\t\t\t\t\t\t\t\t<\/div>\n\t\t\t\t<\/div>\n\t\t\t\t<\/div>\n\t\t<div class=\"elementor-element elementor-element-4abdd3e e-con-full e-flex e-con e-child\" data-id=\"4abdd3e\" data-element_type=\"container\" data-e-type=\"container\">\n\t\t\t\t<div class=\"elementor-element elementor-element-7d69a12 e-transform elementor-widget elementor-widget-image\" data-id=\"7d69a12\" data-element_type=\"widget\" data-e-type=\"widget\" data-settings=\"{&quot;_transform_scale_effect_hover&quot;:{&quot;unit&quot;:&quot;px&quot;,&quot;size&quot;:0.9,&quot;sizes&quot;:[]},&quot;_transform_scale_effect_hover_tablet&quot;:{&quot;unit&quot;:&quot;px&quot;,&quot;size&quot;:&quot;&quot;,&quot;sizes&quot;:[]},&quot;_transform_scale_effect_hover_mobile&quot;:{&quot;unit&quot;:&quot;px&quot;,&quot;size&quot;:&quot;&quot;,&quot;sizes&quot;:[]}}\" data-widget_type=\"image.default\">\n\t\t\t\t<div class=\"elementor-widget-container\">\n\t\t\t\t\t\t\t\t\t\t\t\t\t\t\t\t<a href=\"https:\/\/br.chisagess.com\/index.php\/products\/micro-inverter-ant-2000g1\/\">\n\t\t\t\t\t\t\t<img decoding=\"async\" width=\"1000\" height=\"1000\" src=\"https:\/\/br.chisagess.com\/wp-content\/uploads\/2024\/06\/CHISAGE-ESS-Ant-2000G1-Microinverter-Product-Pictures-01.jpg\" class=\"attachment-large size-large wp-image-20567\" alt=\"\" srcset=\"https:\/\/br.chisagess.com\/wp-content\/uploads\/2024\/06\/CHISAGE-ESS-Ant-2000G1-Microinverter-Product-Pictures-01.jpg 1000w, https:\/\/br.chisagess.com\/wp-content\/uploads\/2024\/06\/CHISAGE-ESS-Ant-2000G1-Microinverter-Product-Pictures-01-300x300.jpg 300w, https:\/\/br.chisagess.com\/wp-content\/uploads\/2024\/06\/CHISAGE-ESS-Ant-2000G1-Microinverter-Product-Pictures-01-150x150.jpg 150w, https:\/\/br.chisagess.com\/wp-content\/uploads\/2024\/06\/CHISAGE-ESS-Ant-2000G1-Microinverter-Product-Pictures-01-768x768.jpg 768w\" sizes=\"(max-width: 1000px) 100vw, 1000px\" \/>\t\t\t\t\t\t\t\t<\/a>\n\t\t\t\t\t\t\t\t\t\t\t\t\t\t\t<\/div>\n\t\t\t\t<\/div>\n\t\t\t\t<div class=\"elementor-element elementor-element-419002e elementor-widget elementor-widget-heading\" data-id=\"419002e\" data-element_type=\"widget\" data-e-type=\"widget\" data-widget_type=\"heading.default\">\n\t\t\t\t<div class=\"elementor-widget-container\">\n\t\t\t\t\t<h5 class=\"elementor-heading-title elementor-size-default\">Ant-2000G1\n<\/h5>\t\t\t\t<\/div>\n\t\t\t\t<\/div>\n\t\t\t\t<div class=\"elementor-element elementor-element-8fbab16 elementor-widget elementor-widget-text-editor\" data-id=\"8fbab16\" data-element_type=\"widget\" data-e-type=\"widget\" data-widget_type=\"text-editor.default\">\n\t\t\t\t<div class=\"elementor-widget-container\">\n\t\t\t\t\t\t\t\t\t<p>2000W Ameryka\u0144ski standardowy europejski standardowy mikroinwerter MPPT<\/p>\t\t\t\t\t\t\t\t<\/div>\n\t\t\t\t<\/div>\n\t\t\t\t<\/div>\n\t\t<div class=\"elementor-element elementor-element-987a4aa e-con-full e-flex e-con e-child\" data-id=\"987a4aa\" data-element_type=\"container\" data-e-type=\"container\">\n\t\t\t\t<\/div>\n\t\t\t\t\t<\/div>\n\t\t\t\t<\/div>\n\t\t\t\t<section class=\"elementor-section elementor-top-section elementor-element elementor-element-9cp1p24 elementor-section-content-middle elementor-section-boxed elementor-section-height-default elementor-section-height-default\" data-id=\"9cp1p24\" data-element_type=\"section\" data-e-type=\"section\" data-settings=\"{&quot;background_background&quot;:&quot;classic&quot;}\">\n\t\t\t\t\t\t\t<div class=\"elementor-background-overlay\"><\/div>\n\t\t\t\t\t\t\t<div class=\"elementor-container elementor-column-gap-default\">\n\t\t\t\t\t<div class=\"elementor-column elementor-col-50 elementor-top-column elementor-element elementor-element-4e4c592\" data-id=\"4e4c592\" data-element_type=\"column\" data-e-type=\"column\" data-settings=\"{&quot;background_background&quot;:&quot;classic&quot;}\">\n\t\t\t<div class=\"elementor-widget-wrap elementor-element-populated\">\n\t\t\t\t\t<div class=\"elementor-background-overlay\"><\/div>\n\t\t\t\t\t\t<div class=\"elementor-element elementor-element-81b42e4 e-transform elementor-widget elementor-widget-heading\" data-id=\"81b42e4\" data-element_type=\"widget\" data-e-type=\"widget\" data-settings=\"{&quot;_transform_rotateZ_effect&quot;:{&quot;unit&quot;:&quot;px&quot;,&quot;size&quot;:&quot;&quot;,&quot;sizes&quot;:[]},&quot;_transform_rotateZ_effect_tablet&quot;:{&quot;unit&quot;:&quot;deg&quot;,&quot;size&quot;:&quot;&quot;,&quot;sizes&quot;:[]},&quot;_transform_rotateZ_effect_mobile&quot;:{&quot;unit&quot;:&quot;deg&quot;,&quot;size&quot;:&quot;&quot;,&quot;sizes&quot;:[]}}\" data-widget_type=\"heading.default\">\n\t\t\t\t<div class=\"elementor-widget-container\">\n\t\t\t\t\t<h5 class=\"elementor-heading-title elementor-size-default\"><a href=\"https:\/\/br.chisagess.com\/index.php\/contact-us\/\">Rozszerzony serwis gwarancyjny<\/a><\/h5>\t\t\t\t<\/div>\n\t\t\t\t<\/div>\n\t\t\t\t<div class=\"elementor-element elementor-element-6ca1df4 elementor-widget elementor-widget-text-editor\" data-id=\"6ca1df4\" data-element_type=\"widget\" data-e-type=\"widget\" data-widget_type=\"text-editor.default\">\n\t\t\t\t<div class=\"elementor-widget-container\">\n\t\t\t\t\t\t\t\t\t<p>Na indywidualnie falownik i akumulator udzielamy podstawowej gwarancji; niekt\u00f3re produkty obs\u0142uguj\u0105 rozszerzon\u0105 gwarancj\u0119. Aby uzyska\u0107 szczeg\u00f3\u0142owe informacje, skontaktuj si\u0119 z nami.<\/p>\t\t\t\t\t\t\t\t<\/div>\n\t\t\t\t<\/div>\n\t\t\t\t\t<\/div>\n\t\t<\/div>\n\t\t\t\t<div class=\"elementor-column elementor-col-50 elementor-top-column elementor-element elementor-element-a2f4a09\" data-id=\"a2f4a09\" data-element_type=\"column\" data-e-type=\"column\" data-settings=\"{&quot;background_background&quot;:&quot;classic&quot;}\">\n\t\t\t<div class=\"elementor-widget-wrap elementor-element-populated\">\n\t\t\t\t\t<div class=\"elementor-background-overlay\"><\/div>\n\t\t\t\t\t\t<div class=\"elementor-element elementor-element-b83592e elementor-widget elementor-widget-heading\" data-id=\"b83592e\" data-element_type=\"widget\" data-e-type=\"widget\" data-widget_type=\"heading.default\">\n\t\t\t\t<div class=\"elementor-widget-container\">\n\t\t\t\t\t<h5 class=\"elementor-heading-title elementor-size-default\"><a href=\"https:\/\/br.chisagess.com\/index.php\/contact-us\/\">Serwis pogwarancyjny<\/a><\/h5>\t\t\t\t<\/div>\n\t\t\t\t<\/div>\n\t\t\t\t<div class=\"elementor-element elementor-element-846d2f3 elementor-widget elementor-widget-text-editor\" data-id=\"846d2f3\" data-element_type=\"widget\" data-e-type=\"widget\" data-widget_type=\"text-editor.default\">\n\t\t\t\t<div class=\"elementor-widget-container\">\n\t\t\t\t\t\t\t\t\t<p>Zapewniamy lokalne wsparcie techniczne, w tym pr\u00f3bki testowe, szkolenia dotycz\u0105ce produkt\u00f3w; przez pierwsze sze\u015b\u0107 miesi\u0119cy zapewniamy bezp\u0142atn\u0105 wymian\u0119 nowych jednostek, w okresie gwarancyjnym zapewniamy bezp\u0142atn\u0105 wymian\u0119 cz\u0119\u015bci zamiennych.<\/p>\t\t\t\t\t\t\t\t<\/div>\n\t\t\t\t<\/div>\n\t\t\t\t\t<\/div>\n\t\t<\/div>\n\t\t\t\t\t<\/div>\n\t\t<\/section>\n\t\t\t\t<\/div>\n\t\t","protected":false},"excerpt":{"rendered":"<p>Mikroinwerter Po latach dog\u0142\u0119bnych bada\u0144 i rozwoju na r [&hellip;]<\/p>\n","protected":false},"author":1,"featured_media":0,"parent":0,"menu_order":0,"comment_status":"closed","ping_status":"closed","template":"","meta":{"site-sidebar-layout":"no-sidebar","site-content-layout":"page-builder","ast-site-content-layout":"full-width-container","site-content-style":"unboxed","site-sidebar-style":"unboxed","ast-global-header-display":"","ast-banner-title-visibility":"","ast-main-header-display":"","ast-hfb-above-header-display":"","ast-hfb-below-header-display":"","ast-hfb-mobile-header-display":"","site-post-title":"disabled","ast-breadcrumbs-content":"disabled","ast-featured-img":"disabled","footer-sml-layout":"","ast-disable-related-posts":"","theme-transparent-header-meta":"enabled","adv-header-id-meta":"","stick-header-meta":"default","header-above-stick-meta":"","header-main-stick-meta":"","header-below-stick-meta":"","astra-migrate-meta-layouts":"set","ast-page-background-enabled":"default","ast-page-background-meta":{"desktop":{"background-color":"","background-image":"","background-repeat":"repeat","background-position":"center center","background-size":"auto","background-attachment":"scroll","background-type":"","background-media":"","overlay-type":"","overlay-color":"","overlay-opacity":"","overlay-gradient":""},"tablet":{"background-color":"","background-image":"","background-repeat":"repeat","background-position":"center center","background-size":"auto","background-attachment":"scroll","background-type":"","background-media":"","overlay-type":"","overlay-color":"","overlay-opacity":"","overlay-gradient":""},"mobile":{"background-color":"","background-image":"","background-repeat":"repeat","background-position":"center center","background-size":"auto","background-attachment":"scroll","background-type":"","background-media":"","overlay-type":"","overlay-color":"","overlay-opacity":"","overlay-gradient":""}},"ast-content-background-meta":{"desktop":{"background-color":"var(--ast-global-color-5)","background-image":"","background-repeat":"repeat","background-position":"center center","background-size":"auto","background-attachment":"scroll","background-type":"","background-media":"","overlay-type":"","overlay-color":"","overlay-opacity":"","overlay-gradient":""},"tablet":{"background-color":"var(--ast-global-color-5)","background-image":"","background-repeat":"repeat","background-position":"center center","background-size":"auto","background-attachment":"scroll","background-type":"","background-media":"","overlay-type":"","overlay-color":"","overlay-opacity":"","overlay-gradient":""},"mobile":{"background-color":"var(--ast-global-color-5)","background-image":"","background-repeat":"repeat","background-position":"center center","background-size":"auto","background-attachment":"scroll","background-type":"","background-media":"","overlay-type":"","overlay-color":"","overlay-opacity":"","overlay-gradient":""}},"footnotes":""},"class_list":["post-20572","page","type-page","status-publish","hentry"],"_links":{"self":[{"href":"https:\/\/br.chisagess.com\/index.php\/wp-json\/wp\/v2\/pages\/20572","targetHints":{"allow":["GET"]}}],"collection":[{"href":"https:\/\/br.chisagess.com\/index.php\/wp-json\/wp\/v2\/pages"}],"about":[{"href":"https:\/\/br.chisagess.com\/index.php\/wp-json\/wp\/v2\/types\/page"}],"author":[{"embeddable":true,"href":"https:\/\/br.chisagess.com\/index.php\/wp-json\/wp\/v2\/users\/1"}],"replies":[{"embeddable":true,"href":"https:\/\/br.chisagess.com\/index.php\/wp-json\/wp\/v2\/comments?post=20572"}],"version-history":[{"count":5,"href":"https:\/\/br.chisagess.com\/index.php\/wp-json\/wp\/v2\/pages\/20572\/revisions"}],"predecessor-version":[{"id":21075,"href":"https:\/\/br.chisagess.com\/index.php\/wp-json\/wp\/v2\/pages\/20572\/revisions\/21075"}],"wp:attachment":[{"href":"https:\/\/br.chisagess.com\/index.php\/wp-json\/wp\/v2\/media?parent=20572"}],"curies":[{"name":"wp","href":"https:\/\/api.w.org\/{rel}","templated":true}]}}