{"id":20581,"date":"2024-06-07T08:15:59","date_gmt":"2024-06-07T06:15:59","guid":{"rendered":"https:\/\/www.chisagepolska.pl\/?page_id=20581"},"modified":"2024-09-06T09:33:59","modified_gmt":"2024-09-06T07:33:59","slug":"falownik-hybrydowy","status":"publish","type":"page","link":"https:\/\/br.chisagess.com\/index.php\/falownik-hybrydowy\/","title":{"rendered":"Falownik Hybrydowy"},"content":{"rendered":"\t\t<div data-elementor-type=\"wp-page\" data-elementor-id=\"20581\" class=\"elementor elementor-20581\" data-elementor-post-type=\"page\">\n\t\t\t\t<div class=\"elementor-element elementor-element-adaed4b e-con-full e-flex e-con e-parent\" data-id=\"adaed4b\" data-element_type=\"container\" data-e-type=\"container\">\n\t\t\t\t<div class=\"elementor-element elementor-element-5e053cd elementor-widget elementor-widget-heading\" data-id=\"5e053cd\" data-element_type=\"widget\" data-e-type=\"widget\" data-widget_type=\"heading.default\">\n\t\t\t\t<div class=\"elementor-widget-container\">\n\t\t\t\t\t<h1 class=\"elementor-heading-title elementor-size-default\">Falownik Hybrydowy<\/h1>\t\t\t\t<\/div>\n\t\t\t\t<\/div>\n\t\t\t\t<div class=\"elementor-element elementor-element-a48308a elementor-widget elementor-widget-text-editor\" data-id=\"a48308a\" data-element_type=\"widget\" data-e-type=\"widget\" data-widget_type=\"text-editor.default\">\n\t\t\t\t<div class=\"elementor-widget-container\">\n\t\t\t\t\t\t\t\t\t<p>Falownik hybrydowy CHISAGE Mars serii IP65 tr\u00f3jfazowy\/jednofazowy z kolorowym 7-calowym dotykowym wy\u015bwietlaczem LCD obs\u0142uguje nieograniczon\u0105 liczb\u0119 falownik\u00f3w r\u00f3wnolegle do pracy w sieci i poza ni\u0105. Funkcja prze\u0142\u0105czania trybu W\u0141.\/WY\u0141. SIECI i funkcja \u0142adowania\/roz\u0142adowywania akumulatora zgodnie z ustawionym czasem mog\u0105 uczyni\u0107 obs\u0142ug\u0119 wygodniejsz\u0105. Obs\u0142uguje tryb tr\u00f3jfazowy i tryb jednofazowy o pe\u0142nej mocy, a tak\u017ce obs\u0142uguje magazynowanie energii z generatora diesla.<\/p><p>Przed wprowadzeniem naszej serii, przez ostatnie 5 lat sprzedawali\u015bmy r\u00f3\u017cne marki falownik\u00f3w na rynku. W tym czasie zebrali\u015bmy cenne opinie od naszych klient\u00f3w, kt\u00f3re teraz uwzgl\u0119dnili\u015bmy w naszym najnowszym produkcie. Po ponad roku intensywnych bada\u0144 i rozwoju, pomy\u015blnie pokonali\u015bmy g\u0142\u00f3wne wyzwanie bran\u017cy, jakim jest technologia tr\u00f3jfazowego niskonapi\u0119ciowego falownika hybrydowego IP65. Jeste\u015bmy niezmiernie dumni z wprowadzenia hybrydowego falownika serii Mars, kt\u00f3ry nie tylko oferuje standardowe funkcje wyst\u0119puj\u0105ce w typowych falownikach do magazynowania energii, ale tak\u017ce posiada kilka unikalnych cech.<\/p><p>Niekt\u00f3re z wyr\u00f3\u017cniaj\u0105cych si\u0119 cech naszego hybrydowego falownika serii Mars obejmuj\u0105 mo\u017cliwo\u015b\u0107 r\u00f3wnoleg\u0142ego \u0142\u0105czenia r\u00f3\u017cnych falownik\u00f3w mocy, ultraszybki czas transferu UPS poni\u017cej 5 ms, 150% niezbalansowane wyj\u015bcie, kompatybilno\u015b\u0107 z bateriami litowymi wielu marek i obs\u0142ug\u0119 do 20 r\u00f3wnoleg\u0142ych po\u0142\u0105cze\u0144 poza sieci\u0105.<\/p><p>Je\u015bli ju\u017c dzia\u0142asz w tej bran\u017cy lub planujesz do niej wej\u015b\u0107, lub je\u015bli Twoja sprzeda\u017c zosta\u0142a zahamowana przez produkty innych firm, skontaktuj si\u0119 z nami ju\u017c teraz. Uzyskaj dost\u0119p do szczeg\u00f3\u0142owych informacji o tym wyj\u0105tkowym produkcie i wykorzystaj okazj\u0119, aby utrzyma\u0107 si\u0119 na czele rynku.<\/p>\t\t\t\t\t\t\t\t<\/div>\n\t\t\t\t<\/div>\n\t\t\t\t<\/div>\n\t\t<div class=\"elementor-element elementor-element-aae652b e-flex e-con-boxed e-con e-parent\" data-id=\"aae652b\" data-element_type=\"container\" data-e-type=\"container\" data-settings=\"{&quot;background_background&quot;:&quot;gradient&quot;}\">\n\t\t\t\t\t<div class=\"e-con-inner\">\n\t\t<div class=\"elementor-element elementor-element-6f44ef0 e-con-full e-flex e-con e-child\" data-id=\"6f44ef0\" data-element_type=\"container\" data-e-type=\"container\">\n\t\t\t\t<div class=\"elementor-element elementor-element-1a22b3b elementor-widget elementor-widget-heading\" data-id=\"1a22b3b\" data-element_type=\"widget\" data-e-type=\"widget\" data-widget_type=\"heading.default\">\n\t\t\t\t<div class=\"elementor-widget-container\">\n\t\t\t\t\t<h4 class=\"elementor-heading-title elementor-size-default\">Hybrid Inverter<\/h4>\t\t\t\t<\/div>\n\t\t\t\t<\/div>\n\t\t\t\t<div class=\"elementor-element elementor-element-a1bcafa e-transform elementor-widget elementor-widget-image\" data-id=\"a1bcafa\" data-element_type=\"widget\" data-e-type=\"widget\" data-settings=\"{&quot;_transform_scale_effect_hover&quot;:{&quot;unit&quot;:&quot;px&quot;,&quot;size&quot;:0.9,&quot;sizes&quot;:[]},&quot;_transform_scale_effect_hover_tablet&quot;:{&quot;unit&quot;:&quot;px&quot;,&quot;size&quot;:&quot;&quot;,&quot;sizes&quot;:[]},&quot;_transform_scale_effect_hover_mobile&quot;:{&quot;unit&quot;:&quot;px&quot;,&quot;size&quot;:&quot;&quot;,&quot;sizes&quot;:[]}}\" data-widget_type=\"image.default\">\n\t\t\t\t<div class=\"elementor-widget-container\">\n\t\t\t\t\t\t\t\t\t\t\t\t\t\t\t\t<a href=\"https:\/\/br.chisagess.com\/index.php\/products\/hybrid-inverter-mars-5-14g2-le\/\">\n\t\t\t\t\t\t\t<img fetchpriority=\"high\" decoding=\"async\" width=\"1000\" height=\"1000\" src=\"https:\/\/br.chisagess.com\/wp-content\/uploads\/2024\/06\/CHISAGE-ESS-Mars-5-14G2-LE-Hybrid-Inverter-Product-Pictures-01-2.jpg\" class=\"attachment-large size-large wp-image-20583\" alt=\"\" srcset=\"https:\/\/br.chisagess.com\/wp-content\/uploads\/2024\/06\/CHISAGE-ESS-Mars-5-14G2-LE-Hybrid-Inverter-Product-Pictures-01-2.jpg 1000w, https:\/\/br.chisagess.com\/wp-content\/uploads\/2024\/06\/CHISAGE-ESS-Mars-5-14G2-LE-Hybrid-Inverter-Product-Pictures-01-2-300x300.jpg 300w, https:\/\/br.chisagess.com\/wp-content\/uploads\/2024\/06\/CHISAGE-ESS-Mars-5-14G2-LE-Hybrid-Inverter-Product-Pictures-01-2-150x150.jpg 150w, https:\/\/br.chisagess.com\/wp-content\/uploads\/2024\/06\/CHISAGE-ESS-Mars-5-14G2-LE-Hybrid-Inverter-Product-Pictures-01-2-768x768.jpg 768w\" sizes=\"(max-width: 1000px) 100vw, 1000px\" \/>\t\t\t\t\t\t\t\t<\/a>\n\t\t\t\t\t\t\t\t\t\t\t\t\t\t\t<\/div>\n\t\t\t\t<\/div>\n\t\t\t\t<div class=\"elementor-element elementor-element-3773cd1 elementor-widget elementor-widget-heading\" data-id=\"3773cd1\" data-element_type=\"widget\" data-e-type=\"widget\" data-widget_type=\"heading.default\">\n\t\t\t\t<div class=\"elementor-widget-container\">\n\t\t\t\t\t<h5 class=\"elementor-heading-title elementor-size-default\">MARS-5-14G2-LE<\/h5>\t\t\t\t<\/div>\n\t\t\t\t<\/div>\n\t\t\t\t<div class=\"elementor-element elementor-element-4951a3b elementor-widget elementor-widget-text-editor\" data-id=\"4951a3b\" data-element_type=\"widget\" data-e-type=\"widget\" data-widget_type=\"text-editor.default\">\n\t\t\t\t<div class=\"elementor-widget-container\">\n\t\t\t\t\t\t\t\t\t<p>5-14kW Tr\u00f3jfazowy hybrydowy falownik niskiego napi\u0119cia<\/p>\t\t\t\t\t\t\t\t<\/div>\n\t\t\t\t<\/div>\n\t\t\t\t<\/div>\n\t\t<div class=\"elementor-element elementor-element-62d70a3 e-con-full e-flex e-con e-child\" data-id=\"62d70a3\" data-element_type=\"container\" data-e-type=\"container\">\n\t\t\t\t<div class=\"elementor-element elementor-element-fdba1ba elementor-widget elementor-widget-heading\" data-id=\"fdba1ba\" data-element_type=\"widget\" data-e-type=\"widget\" data-widget_type=\"heading.default\">\n\t\t\t\t<div class=\"elementor-widget-container\">\n\t\t\t\t\t<h4 class=\"elementor-heading-title elementor-size-default\">Hybrid Inverter<\/h4>\t\t\t\t<\/div>\n\t\t\t\t<\/div>\n\t\t\t\t<div class=\"elementor-element elementor-element-9757661 e-transform elementor-widget elementor-widget-image\" data-id=\"9757661\" data-element_type=\"widget\" data-e-type=\"widget\" data-settings=\"{&quot;_transform_scale_effect_hover&quot;:{&quot;unit&quot;:&quot;px&quot;,&quot;size&quot;:0.9,&quot;sizes&quot;:[]},&quot;_transform_scale_effect_hover_tablet&quot;:{&quot;unit&quot;:&quot;px&quot;,&quot;size&quot;:&quot;&quot;,&quot;sizes&quot;:[]},&quot;_transform_scale_effect_hover_mobile&quot;:{&quot;unit&quot;:&quot;px&quot;,&quot;size&quot;:&quot;&quot;,&quot;sizes&quot;:[]}}\" data-widget_type=\"image.default\">\n\t\t\t\t<div class=\"elementor-widget-container\">\n\t\t\t\t\t\t\t\t\t\t\t\t\t\t\t\t<a href=\"https:\/\/br.chisagess.com\/index.php\/products\/hybrid-inverter-jup-5-10g2-le\/\">\n\t\t\t\t\t\t\t<img decoding=\"async\" width=\"1000\" height=\"1000\" src=\"https:\/\/br.chisagess.com\/wp-content\/uploads\/2024\/06\/CHISAGE-ESS-Jup-5-10G2-LE-Hybrid-Inverter-Product-Pictures-01.jpg\" class=\"attachment-large size-large wp-image-20584\" alt=\"\" srcset=\"https:\/\/br.chisagess.com\/wp-content\/uploads\/2024\/06\/CHISAGE-ESS-Jup-5-10G2-LE-Hybrid-Inverter-Product-Pictures-01.jpg 1000w, https:\/\/br.chisagess.com\/wp-content\/uploads\/2024\/06\/CHISAGE-ESS-Jup-5-10G2-LE-Hybrid-Inverter-Product-Pictures-01-300x300.jpg 300w, https:\/\/br.chisagess.com\/wp-content\/uploads\/2024\/06\/CHISAGE-ESS-Jup-5-10G2-LE-Hybrid-Inverter-Product-Pictures-01-150x150.jpg 150w, https:\/\/br.chisagess.com\/wp-content\/uploads\/2024\/06\/CHISAGE-ESS-Jup-5-10G2-LE-Hybrid-Inverter-Product-Pictures-01-768x768.jpg 768w\" sizes=\"(max-width: 1000px) 100vw, 1000px\" \/>\t\t\t\t\t\t\t\t<\/a>\n\t\t\t\t\t\t\t\t\t\t\t\t\t\t\t<\/div>\n\t\t\t\t<\/div>\n\t\t\t\t<div class=\"elementor-element elementor-element-6d77c00 elementor-widget elementor-widget-heading\" data-id=\"6d77c00\" data-element_type=\"widget\" data-e-type=\"widget\" data-widget_type=\"heading.default\">\n\t\t\t\t<div class=\"elementor-widget-container\">\n\t\t\t\t\t<h5 class=\"elementor-heading-title elementor-size-default\">JUP-3-10G2-LE<\/h5>\t\t\t\t<\/div>\n\t\t\t\t<\/div>\n\t\t\t\t<div class=\"elementor-element elementor-element-88ff96e elementor-widget elementor-widget-text-editor\" data-id=\"88ff96e\" data-element_type=\"widget\" data-e-type=\"widget\" data-widget_type=\"text-editor.default\">\n\t\t\t\t<div class=\"elementor-widget-container\">\n\t\t\t\t\t\t\t\t\t<p>3-10kW Jednofazowy falownik hybrydowy niskiego napi\u0119cia<\/p>\t\t\t\t\t\t\t\t<\/div>\n\t\t\t\t<\/div>\n\t\t\t\t<\/div>\n\t\t<div class=\"elementor-element elementor-element-82323ec e-con-full e-flex e-con e-child\" data-id=\"82323ec\" data-element_type=\"container\" data-e-type=\"container\">\n\t\t\t\t<div class=\"elementor-element elementor-element-53246da elementor-widget elementor-widget-heading\" data-id=\"53246da\" data-element_type=\"widget\" data-e-type=\"widget\" data-widget_type=\"heading.default\">\n\t\t\t\t<div class=\"elementor-widget-container\">\n\t\t\t\t\t<h4 class=\"elementor-heading-title elementor-size-default\">Hybrid Inverter<\/h4>\t\t\t\t<\/div>\n\t\t\t\t<\/div>\n\t\t\t\t<div class=\"elementor-element elementor-element-a91b48f e-transform elementor-widget elementor-widget-image\" data-id=\"a91b48f\" data-element_type=\"widget\" data-e-type=\"widget\" data-settings=\"{&quot;_transform_scale_effect_hover&quot;:{&quot;unit&quot;:&quot;px&quot;,&quot;size&quot;:0.9,&quot;sizes&quot;:[]},&quot;_transform_scale_effect_hover_tablet&quot;:{&quot;unit&quot;:&quot;px&quot;,&quot;size&quot;:&quot;&quot;,&quot;sizes&quot;:[]},&quot;_transform_scale_effect_hover_mobile&quot;:{&quot;unit&quot;:&quot;px&quot;,&quot;size&quot;:&quot;&quot;,&quot;sizes&quot;:[]}}\" data-widget_type=\"image.default\">\n\t\t\t\t<div class=\"elementor-widget-container\">\n\t\t\t\t\t\t\t\t\t\t\t\t\t\t\t\t<a href=\"https:\/\/br.chisagess.com\/index.php\/products\/hybrid-inverter-merc-20-60g1-he\/\">\n\t\t\t\t\t\t\t<img decoding=\"async\" width=\"1000\" height=\"1000\" src=\"https:\/\/br.chisagess.com\/wp-content\/uploads\/2024\/07\/CHISAGE-ESS-Merc-20-60G1-HE-Hybrid-Inverter-Product-Pictures-01.jpg\" class=\"attachment-large size-large wp-image-20962\" alt=\"CHISAGE ESS Merc-20-60G1-HE Hybrid Inverter Product Pictures 01\" srcset=\"https:\/\/br.chisagess.com\/wp-content\/uploads\/2024\/07\/CHISAGE-ESS-Merc-20-60G1-HE-Hybrid-Inverter-Product-Pictures-01.jpg 1000w, https:\/\/br.chisagess.com\/wp-content\/uploads\/2024\/07\/CHISAGE-ESS-Merc-20-60G1-HE-Hybrid-Inverter-Product-Pictures-01-300x300.jpg 300w, https:\/\/br.chisagess.com\/wp-content\/uploads\/2024\/07\/CHISAGE-ESS-Merc-20-60G1-HE-Hybrid-Inverter-Product-Pictures-01-150x150.jpg 150w, https:\/\/br.chisagess.com\/wp-content\/uploads\/2024\/07\/CHISAGE-ESS-Merc-20-60G1-HE-Hybrid-Inverter-Product-Pictures-01-768x768.jpg 768w\" sizes=\"(max-width: 1000px) 100vw, 1000px\" \/>\t\t\t\t\t\t\t\t<\/a>\n\t\t\t\t\t\t\t\t\t\t\t\t\t\t\t<\/div>\n\t\t\t\t<\/div>\n\t\t\t\t<div class=\"elementor-element elementor-element-02f9fdf elementor-widget elementor-widget-heading\" data-id=\"02f9fdf\" data-element_type=\"widget\" data-e-type=\"widget\" data-widget_type=\"heading.default\">\n\t\t\t\t<div class=\"elementor-widget-container\">\n\t\t\t\t\t<h5 class=\"elementor-heading-title elementor-size-default\">Merc-20-60G1-HE<\/h5>\t\t\t\t<\/div>\n\t\t\t\t<\/div>\n\t\t\t\t<div class=\"elementor-element elementor-element-4a8e35c elementor-widget elementor-widget-text-editor\" data-id=\"4a8e35c\" data-element_type=\"widget\" data-e-type=\"widget\" data-widget_type=\"text-editor.default\">\n\t\t\t\t<div class=\"elementor-widget-container\">\n\t\t\t\t\t\t\t\t\t<p>20-60kW Tr\u00f3jfazowy Hybrydowy Falownik Wysokonapi\u0119ciowy<\/p>\t\t\t\t\t\t\t\t<\/div>\n\t\t\t\t<\/div>\n\t\t\t\t<\/div>\n\t\t\t\t\t<\/div>\n\t\t\t\t<\/div>\n\t\t\t\t<section class=\"elementor-section elementor-top-section elementor-element elementor-element-9cp1p24 elementor-section-content-middle elementor-section-boxed elementor-section-height-default elementor-section-height-default\" data-id=\"9cp1p24\" data-element_type=\"section\" data-e-type=\"section\" data-settings=\"{&quot;background_background&quot;:&quot;classic&quot;}\">\n\t\t\t\t\t\t\t<div class=\"elementor-background-overlay\"><\/div>\n\t\t\t\t\t\t\t<div class=\"elementor-container elementor-column-gap-default\">\n\t\t\t\t\t<div class=\"elementor-column elementor-col-50 elementor-top-column elementor-element elementor-element-4e4c592\" data-id=\"4e4c592\" data-element_type=\"column\" data-e-type=\"column\" data-settings=\"{&quot;background_background&quot;:&quot;classic&quot;}\">\n\t\t\t<div class=\"elementor-widget-wrap elementor-element-populated\">\n\t\t\t\t\t<div class=\"elementor-background-overlay\"><\/div>\n\t\t\t\t\t\t<div class=\"elementor-element elementor-element-81b42e4 e-transform elementor-widget elementor-widget-heading\" data-id=\"81b42e4\" data-element_type=\"widget\" data-e-type=\"widget\" data-settings=\"{&quot;_transform_rotateZ_effect&quot;:{&quot;unit&quot;:&quot;px&quot;,&quot;size&quot;:&quot;&quot;,&quot;sizes&quot;:[]},&quot;_transform_rotateZ_effect_tablet&quot;:{&quot;unit&quot;:&quot;deg&quot;,&quot;size&quot;:&quot;&quot;,&quot;sizes&quot;:[]},&quot;_transform_rotateZ_effect_mobile&quot;:{&quot;unit&quot;:&quot;deg&quot;,&quot;size&quot;:&quot;&quot;,&quot;sizes&quot;:[]}}\" data-widget_type=\"heading.default\">\n\t\t\t\t<div class=\"elementor-widget-container\">\n\t\t\t\t\t<h5 class=\"elementor-heading-title elementor-size-default\"><a href=\"https:\/\/br.chisagess.com\/index.php\/contact-us\/\">Rozszerzony serwis gwarancyjny<\/a><\/h5>\t\t\t\t<\/div>\n\t\t\t\t<\/div>\n\t\t\t\t<div class=\"elementor-element elementor-element-6ca1df4 elementor-widget elementor-widget-text-editor\" data-id=\"6ca1df4\" data-element_type=\"widget\" data-e-type=\"widget\" data-widget_type=\"text-editor.default\">\n\t\t\t\t<div class=\"elementor-widget-container\">\n\t\t\t\t\t\t\t\t\t<p>Na indywidualnie falownik i akumulator udzielamy podstawowej gwarancji; niekt\u00f3re produkty obs\u0142uguj\u0105 rozszerzon\u0105 gwarancj\u0119. Aby uzyska\u0107 szczeg\u00f3\u0142owe informacje, skontaktuj si\u0119 z nami.<\/p>\t\t\t\t\t\t\t\t<\/div>\n\t\t\t\t<\/div>\n\t\t\t\t\t<\/div>\n\t\t<\/div>\n\t\t\t\t<div class=\"elementor-column elementor-col-50 elementor-top-column elementor-element elementor-element-a2f4a09\" data-id=\"a2f4a09\" data-element_type=\"column\" data-e-type=\"column\" data-settings=\"{&quot;background_background&quot;:&quot;classic&quot;}\">\n\t\t\t<div class=\"elementor-widget-wrap elementor-element-populated\">\n\t\t\t\t\t<div class=\"elementor-background-overlay\"><\/div>\n\t\t\t\t\t\t<div class=\"elementor-element elementor-element-b83592e elementor-widget elementor-widget-heading\" data-id=\"b83592e\" data-element_type=\"widget\" data-e-type=\"widget\" data-widget_type=\"heading.default\">\n\t\t\t\t<div class=\"elementor-widget-container\">\n\t\t\t\t\t<h5 class=\"elementor-heading-title elementor-size-default\"><a href=\"https:\/\/br.chisagess.com\/index.php\/contact-us\/\">Serwis pogwarancyjny<\/a><\/h5>\t\t\t\t<\/div>\n\t\t\t\t<\/div>\n\t\t\t\t<div class=\"elementor-element elementor-element-846d2f3 elementor-widget elementor-widget-text-editor\" data-id=\"846d2f3\" data-element_type=\"widget\" data-e-type=\"widget\" data-widget_type=\"text-editor.default\">\n\t\t\t\t<div class=\"elementor-widget-container\">\n\t\t\t\t\t\t\t\t\t<p>Zapewniamy lokalne wsparcie techniczne, w tym pr\u00f3bki testowe, szkolenia dotycz\u0105ce produkt\u00f3w; przez pierwsze sze\u015b\u0107 miesi\u0119cy zapewniamy bezp\u0142atn\u0105 wymian\u0119 nowych jednostek, w okresie gwarancyjnym zapewniamy bezp\u0142atn\u0105 wymian\u0119 cz\u0119\u015bci zamiennych.<\/p>\t\t\t\t\t\t\t\t<\/div>\n\t\t\t\t<\/div>\n\t\t\t\t\t<\/div>\n\t\t<\/div>\n\t\t\t\t\t<\/div>\n\t\t<\/section>\n\t\t\t\t<\/div>\n\t\t","protected":false},"excerpt":{"rendered":"<p>Falownik Hybrydowy Falownik hybrydowy CHISAGE Mars seri [&hellip;]<\/p>\n","protected":false},"author":1,"featured_media":0,"parent":0,"menu_order":0,"comment_status":"closed","ping_status":"closed","template":"","meta":{"site-sidebar-layout":"no-sidebar","site-content-layout":"page-builder","ast-site-content-layout":"full-width-container","site-content-style":"unboxed","site-sidebar-style":"unboxed","ast-global-header-display":"","ast-banner-title-visibility":"","ast-main-header-display":"","ast-hfb-above-header-display":"","ast-hfb-below-header-display":"","ast-hfb-mobile-header-display":"","site-post-title":"disabled","ast-breadcrumbs-content":"disabled","ast-featured-img":"disabled","footer-sml-layout":"","ast-disable-related-posts":"","theme-transparent-header-meta":"enabled","adv-header-id-meta":"","stick-header-meta":"default","header-above-stick-meta":"","header-main-stick-meta":"","header-below-stick-meta":"","astra-migrate-meta-layouts":"set","ast-page-background-enabled":"default","ast-page-background-meta":{"desktop":{"background-color":"","background-image":"","background-repeat":"repeat","background-position":"center center","background-size":"auto","background-attachment":"scroll","background-type":"","background-media":"","overlay-type":"","overlay-color":"","overlay-opacity":"","overlay-gradient":""},"tablet":{"background-color":"","background-image":"","background-repeat":"repeat","background-position":"center center","background-size":"auto","background-attachment":"scroll","background-type":"","background-media":"","overlay-type":"","overlay-color":"","overlay-opacity":"","overlay-gradient":""},"mobile":{"background-color":"","background-image":"","background-repeat":"repeat","background-position":"center center","background-size":"auto","background-attachment":"scroll","background-type":"","background-media":"","overlay-type":"","overlay-color":"","overlay-opacity":"","overlay-gradient":""}},"ast-content-background-meta":{"desktop":{"background-color":"var(--ast-global-color-5)","background-image":"","background-repeat":"repeat","background-position":"center center","background-size":"auto","background-attachment":"scroll","background-type":"","background-media":"","overlay-type":"","overlay-color":"","overlay-opacity":"","overlay-gradient":""},"tablet":{"background-color":"var(--ast-global-color-5)","background-image":"","background-repeat":"repeat","background-position":"center center","background-size":"auto","background-attachment":"scroll","background-type":"","background-media":"","overlay-type":"","overlay-color":"","overlay-opacity":"","overlay-gradient":""},"mobile":{"background-color":"var(--ast-global-color-5)","background-image":"","background-repeat":"repeat","background-position":"center center","background-size":"auto","background-attachment":"scroll","background-type":"","background-media":"","overlay-type":"","overlay-color":"","overlay-opacity":"","overlay-gradient":""}},"footnotes":""},"class_list":["post-20581","page","type-page","status-publish","hentry"],"_links":{"self":[{"href":"https:\/\/br.chisagess.com\/index.php\/wp-json\/wp\/v2\/pages\/20581","targetHints":{"allow":["GET"]}}],"collection":[{"href":"https:\/\/br.chisagess.com\/index.php\/wp-json\/wp\/v2\/pages"}],"about":[{"href":"https:\/\/br.chisagess.com\/index.php\/wp-json\/wp\/v2\/types\/page"}],"author":[{"embeddable":true,"href":"https:\/\/br.chisagess.com\/index.php\/wp-json\/wp\/v2\/users\/1"}],"replies":[{"embeddable":true,"href":"https:\/\/br.chisagess.com\/index.php\/wp-json\/wp\/v2\/comments?post=20581"}],"version-history":[{"count":21,"href":"https:\/\/br.chisagess.com\/index.php\/wp-json\/wp\/v2\/pages\/20581\/revisions"}],"predecessor-version":[{"id":21172,"href":"https:\/\/br.chisagess.com\/index.php\/wp-json\/wp\/v2\/pages\/20581\/revisions\/21172"}],"wp:attachment":[{"href":"https:\/\/br.chisagess.com\/index.php\/wp-json\/wp\/v2\/media?parent=20581"}],"curies":[{"name":"wp","href":"https:\/\/api.w.org\/{rel}","templated":true}]}}