{"id":20719,"date":"2024-06-11T12:08:09","date_gmt":"2024-06-11T10:08:09","guid":{"rendered":"https:\/\/www.chisagepolska.pl\/?page_id=20719"},"modified":"2024-08-19T08:55:18","modified_gmt":"2024-08-19T06:55:18","slug":"feedback","status":"publish","type":"page","link":"https:\/\/br.chisagess.com\/index.php\/feedback\/","title":{"rendered":"Informacja Zwrotna"},"content":{"rendered":"\t\t<div data-elementor-type=\"wp-page\" data-elementor-id=\"20719\" class=\"elementor elementor-20719\" data-elementor-post-type=\"page\">\n\t\t\t\t\t\t<section class=\"elementor-section elementor-top-section elementor-element elementor-element-f226ad5 elementor-section-content-middle elementor-section-boxed elementor-section-height-default elementor-section-height-default\" data-id=\"f226ad5\" data-element_type=\"section\" data-e-type=\"section\" data-settings=\"{&quot;background_background&quot;:&quot;classic&quot;}\">\n\t\t\t\t\t\t<div class=\"elementor-container elementor-column-gap-no\">\n\t\t\t\t\t<div class=\"elementor-column elementor-col-100 elementor-top-column elementor-element elementor-element-a0f4c43\" data-id=\"a0f4c43\" data-element_type=\"column\" data-e-type=\"column\">\n\t\t\t<div class=\"elementor-widget-wrap elementor-element-populated\">\n\t\t\t\t\t\t<div class=\"elementor-element elementor-element-906fe18 elementor-widget elementor-widget-heading\" data-id=\"906fe18\" data-element_type=\"widget\" data-e-type=\"widget\" data-widget_type=\"heading.default\">\n\t\t\t\t<div class=\"elementor-widget-container\">\n\t\t\t\t\t<h2 class=\"elementor-heading-title elementor-size-default\">Co M\u00f3wi\u0105 Klienci<\/h2>\t\t\t\t<\/div>\n\t\t\t\t<\/div>\n\t\t\t\t<div class=\"elementor-element elementor-element-3f44961 elementor-widget elementor-widget-heading\" data-id=\"3f44961\" data-element_type=\"widget\" data-e-type=\"widget\" data-widget_type=\"heading.default\">\n\t\t\t\t<div class=\"elementor-widget-container\">\n\t\t\t\t\t<h5 class=\"elementor-heading-title elementor-size-default\">Pos\u0142uchaj, co zadowoleni klienci m\u00f3wi\u0105 o Chisage Polska!<\/h5>\t\t\t\t<\/div>\n\t\t\t\t<\/div>\n\t\t\t\t<section class=\"elementor-section elementor-inner-section elementor-element elementor-element-e8ebf88 elementor-section-boxed elementor-section-height-default elementor-section-height-default\" data-id=\"e8ebf88\" data-element_type=\"section\" data-e-type=\"section\">\n\t\t\t\t\t\t<div class=\"elementor-container elementor-column-gap-default\">\n\t\t\t\t\t<div class=\"elementor-column elementor-col-100 elementor-inner-column elementor-element elementor-element-f7e0164\" data-id=\"f7e0164\" data-element_type=\"column\" data-e-type=\"column\">\n\t\t\t<div class=\"elementor-widget-wrap elementor-element-populated\">\n\t\t\t\t\t\t<div class=\"elementor-element elementor-element-fb62b5c elementor-arrows-position-outside elementor-pagination-type-bullets elementor-pagination-position-outside elementor-widget elementor-widget-n-carousel\" data-id=\"fb62b5c\" data-element_type=\"widget\" data-e-type=\"widget\" data-settings=\"{&quot;carousel_items&quot;:[{&quot;slide_title&quot;:&quot;Ecosolar&quot;,&quot;_id&quot;:&quot;e838605&quot;},{&quot;slide_title&quot;:&quot;Grupa ARC&quot;,&quot;_id&quot;:&quot;2055b27&quot;},{&quot;slide_title&quot;:&quot;RBS Energia&quot;,&quot;_id&quot;:&quot;adc9b58&quot;}],&quot;slides_to_show&quot;:&quot;3&quot;,&quot;slides_to_scroll&quot;:&quot;1&quot;,&quot;autoplay_speed&quot;:1000,&quot;speed&quot;:3000,&quot;image_spacing_custom&quot;:{&quot;unit&quot;:&quot;px&quot;,&quot;size&quot;:15,&quot;sizes&quot;:[]},&quot;slides_to_show_tablet&quot;:&quot;2&quot;,&quot;slides_to_show_mobile&quot;:&quot;1&quot;,&quot;autoplay&quot;:&quot;yes&quot;,&quot;pause_on_hover&quot;:&quot;yes&quot;,&quot;pause_on_interaction&quot;:&quot;yes&quot;,&quot;infinite&quot;:&quot;yes&quot;,&quot;offset_sides&quot;:&quot;none&quot;,&quot;arrows&quot;:&quot;yes&quot;,&quot;pagination&quot;:&quot;bullets&quot;,&quot;image_spacing_custom_tablet&quot;:{&quot;unit&quot;:&quot;px&quot;,&quot;size&quot;:&quot;&quot;,&quot;sizes&quot;:[]},&quot;image_spacing_custom_mobile&quot;:{&quot;unit&quot;:&quot;px&quot;,&quot;size&quot;:&quot;&quot;,&quot;sizes&quot;:[]}}\" data-widget_type=\"nested-carousel.default\">\n\t\t\t\t<div class=\"elementor-widget-container\">\n\t\t\t\t\t\t\t<div class=\"e-n-carousel swiper\" role=\"region\" aria-roledescription=\"carousel\" aria-label=\"Carousel\" dir=\"ltr\">\n\t\t\t<div class=\"swiper-wrapper\" aria-live=\"off\">\n\t\t\t\t\t\t\t\t\t\t<div class=\"swiper-slide\" data-slide=\"1\" role=\"group\" aria-roledescription=\"slide\" aria-label=\"1 of 3\">\n\t\t\t\t\t\t\t<div class=\"elementor-element elementor-element-9259493 e-flex e-con-boxed e-con e-child\" data-id=\"9259493\" data-element_type=\"container\" data-e-type=\"container\" data-settings=\"{&quot;background_background&quot;:&quot;classic&quot;}\">\n\t\t\t\t\t<div class=\"e-con-inner\">\n\t\t\t\t<div class=\"elementor-element elementor-element-64d1ca1 elementor-position-top elementor-widget elementor-widget-image-box\" data-id=\"64d1ca1\" data-element_type=\"widget\" data-e-type=\"widget\" data-widget_type=\"image-box.default\">\n\t\t\t\t<div class=\"elementor-widget-container\">\n\t\t\t\t\t<div class=\"elementor-image-box-wrapper\"><figure class=\"elementor-image-box-img\"><img fetchpriority=\"high\" decoding=\"async\" width=\"1000\" height=\"1000\" src=\"https:\/\/br.chisagess.com\/wp-content\/uploads\/2024\/07\/Ceo-of-Ecosolar-31.jpg\" class=\"attachment-full size-full wp-image-20978\" alt=\"Ceo of Ecosolar-3(1)\" srcset=\"https:\/\/br.chisagess.com\/wp-content\/uploads\/2024\/07\/Ceo-of-Ecosolar-31.jpg 1000w, https:\/\/br.chisagess.com\/wp-content\/uploads\/2024\/07\/Ceo-of-Ecosolar-31-300x300.jpg 300w, https:\/\/br.chisagess.com\/wp-content\/uploads\/2024\/07\/Ceo-of-Ecosolar-31-150x150.jpg 150w, https:\/\/br.chisagess.com\/wp-content\/uploads\/2024\/07\/Ceo-of-Ecosolar-31-768x768.jpg 768w\" sizes=\"(max-width: 1000px) 100vw, 1000px\" \/><\/figure><\/div>\t\t\t\t<\/div>\n\t\t\t\t<\/div>\n\t\t\t\t<div class=\"elementor-element elementor-element-410b316 elementor-widget elementor-widget-text-editor\" data-id=\"410b316\" data-element_type=\"widget\" data-e-type=\"widget\" data-widget_type=\"text-editor.default\">\n\t\t\t\t<div class=\"elementor-widget-container\">\n\t\t\t\t\t\t\t\t\t<p>Wsp\u00f3\u0142praca pomi\u0119dzy EcoSolar i Chisage Polska rozpocz\u0119\u0142a si\u0119 od dobrze przygotowanych prezentacji produkt\u00f3w Chisage. EcoSolar wyrazi\u0142 du\u017ce zainteresowanie i zorganizowa\u0142 spotkanie biznesowe w swojej siedzibie w celu dopracowania szczeg\u00f3\u0142\u00f3w. Po szeroko zakrojonych dyskusjach i dopracowaniu umowy, podczas oficjalnej gali zorganizowanej przez Chisage Polska dosz\u0142o do formalnego podpisania umowy o wsp\u00f3\u0142pracy.<\/p><p class=\"elementor-image-box-title\" style=\"text-align: center;\"><span style=\"color: #bf0008;\"><strong>CEO of Ecosolar<\/strong><\/span><\/p>\t\t\t\t\t\t\t\t<\/div>\n\t\t\t\t<\/div>\n\t\t\t\t\t<\/div>\n\t\t\t\t<\/div>\n\t\t\t\t\t\t\t\t<\/div>\n\t\t\t\t\t\t\t\t\t\t\t<div class=\"swiper-slide\" data-slide=\"2\" role=\"group\" aria-roledescription=\"slide\" aria-label=\"2 of 3\">\n\t\t\t\t\t\t\t<div class=\"elementor-element elementor-element-4badb94 e-flex e-con-boxed e-con e-child\" data-id=\"4badb94\" data-element_type=\"container\" data-e-type=\"container\" data-settings=\"{&quot;background_background&quot;:&quot;classic&quot;}\">\n\t\t\t\t\t<div class=\"e-con-inner\">\n\t\t\t\t<div class=\"elementor-element elementor-element-a70990e elementor-position-top elementor-widget elementor-widget-image-box\" data-id=\"a70990e\" data-element_type=\"widget\" data-e-type=\"widget\" data-widget_type=\"image-box.default\">\n\t\t\t\t<div class=\"elementor-widget-container\">\n\t\t\t\t\t<div class=\"elementor-image-box-wrapper\"><figure class=\"elementor-image-box-img\"><img decoding=\"async\" width=\"1000\" height=\"1000\" src=\"https:\/\/br.chisagess.com\/wp-content\/uploads\/2024\/07\/CEO-of-ARC-group1.jpg\" class=\"attachment-full size-full wp-image-20973\" alt=\"CEO of ARC group(1)\" srcset=\"https:\/\/br.chisagess.com\/wp-content\/uploads\/2024\/07\/CEO-of-ARC-group1.jpg 1000w, https:\/\/br.chisagess.com\/wp-content\/uploads\/2024\/07\/CEO-of-ARC-group1-300x300.jpg 300w, https:\/\/br.chisagess.com\/wp-content\/uploads\/2024\/07\/CEO-of-ARC-group1-150x150.jpg 150w, https:\/\/br.chisagess.com\/wp-content\/uploads\/2024\/07\/CEO-of-ARC-group1-768x768.jpg 768w, https:\/\/br.chisagess.com\/wp-content\/uploads\/2024\/07\/elementor\/thumbs\/CEO-of-ARC-group1-qr6ty6l53wkzv0o6mx0rm9fifqalmc6vkec9mrhaic.jpg 50w\" sizes=\"(max-width: 1000px) 100vw, 1000px\" \/><\/figure><\/div>\t\t\t\t<\/div>\n\t\t\t\t<\/div>\n\t\t\t\t<div class=\"elementor-element elementor-element-810888d elementor-widget elementor-widget-text-editor\" data-id=\"810888d\" data-element_type=\"widget\" data-e-type=\"widget\" data-widget_type=\"text-editor.default\">\n\t\t\t\t<div class=\"elementor-widget-container\">\n\t\t\t\t\t\t\t\t\t<p>Od maja 2024 roku nasza firma wsp\u00f3\u0142pracuje z jednym z najwi\u0119kszych producent\u00f3w akumulator\u00f3w i innych komponent\u00f3w do elektrowni fotowoltaicznych. Ju\u017c po pierwszej prezentacji firmy CHISAGE ESS nawi\u0105zali\u015bmy blisk\u0105 komunikacj\u0119 z przedstawicielami tej firmy, kt\u00f3ra przerodzi\u0142a si\u0119 w Partnerstwo Strategiczne. Po kilku miesi\u0105cach wsp\u00f3\u0142pracy \u015bmiem twierdzi\u0107, \u017ce nawi\u0105zane partnerstwo rozwija si\u0119 dynamicznie, a koledzy z CHISAGE Polska s\u0105 pomocni, ch\u0119tni do pracy i szczeg\u00f3lnie doceniam zawsze natychmiastow\u0105 informacj\u0119 zwrotn\u0105.<\/p><p class=\"elementor-image-box-title\" style=\"text-align: center;\"><span style=\"color: #bf0008;\"><strong>CEO of Grupa ARC<\/strong><\/span><\/p>\t\t\t\t\t\t\t\t<\/div>\n\t\t\t\t<\/div>\n\t\t\t\t\t<\/div>\n\t\t\t\t<\/div>\n\t\t\t\t\t\t\t\t<\/div>\n\t\t\t\t\t\t\t\t\t\t\t<div class=\"swiper-slide\" data-slide=\"3\" role=\"group\" aria-roledescription=\"slide\" aria-label=\"3 of 3\">\n\t\t\t\t\t\t\t<div class=\"elementor-element elementor-element-a5595f8 e-flex e-con-boxed e-con e-child\" data-id=\"a5595f8\" data-element_type=\"container\" data-e-type=\"container\" data-settings=\"{&quot;background_background&quot;:&quot;classic&quot;}\">\n\t\t\t\t\t<div class=\"e-con-inner\">\n\t\t\t\t<div class=\"elementor-element elementor-element-2f542b0 elementor-position-top elementor-widget elementor-widget-image-box\" data-id=\"2f542b0\" data-element_type=\"widget\" data-e-type=\"widget\" data-widget_type=\"image-box.default\">\n\t\t\t\t<div class=\"elementor-widget-container\">\n\t\t\t\t\t<div class=\"elementor-image-box-wrapper\"><figure class=\"elementor-image-box-img\"><img decoding=\"async\" width=\"1000\" height=\"1000\" src=\"https:\/\/br.chisagess.com\/wp-content\/uploads\/2024\/07\/CEO-of-RBS-Energia-21.jpg\" class=\"attachment-full size-full wp-image-21018\" alt=\"CEO of RBS Energia-2(1)\" srcset=\"https:\/\/br.chisagess.com\/wp-content\/uploads\/2024\/07\/CEO-of-RBS-Energia-21.jpg 1000w, https:\/\/br.chisagess.com\/wp-content\/uploads\/2024\/07\/CEO-of-RBS-Energia-21-300x300.jpg 300w, https:\/\/br.chisagess.com\/wp-content\/uploads\/2024\/07\/CEO-of-RBS-Energia-21-150x150.jpg 150w, https:\/\/br.chisagess.com\/wp-content\/uploads\/2024\/07\/CEO-of-RBS-Energia-21-768x768.jpg 768w\" sizes=\"(max-width: 1000px) 100vw, 1000px\" \/><\/figure><\/div>\t\t\t\t<\/div>\n\t\t\t\t<\/div>\n\t\t\t\t<div class=\"elementor-element elementor-element-b6732c7 elementor-widget elementor-widget-text-editor\" data-id=\"b6732c7\" data-element_type=\"widget\" data-e-type=\"widget\" data-widget_type=\"text-editor.default\">\n\t\t\t\t<div class=\"elementor-widget-container\">\n\t\t\t\t\t\t\t\t\t<p>Decyzja o podj\u0119ciu wsp\u00f3\u0142pracy z firm\u0105 Chisage dojrzewa\u0142a w nas przez dwa lata. Obs\u0142uguj\u0105c sprzeda\u017cowo setki klient\u00f3w w ca\u0142ej Europie i ws\u0142uchuj\u0105c si\u0119 w ich opinie oraz potrzeby, zrozumieli\u015bmy, \u017ce to idealny produkt, \u0142\u0105cz\u0105cy w sobie trzy kluczowe cechy: wysok\u0105 jako\u015b\u0107, estetyk\u0119 oraz rozs\u0105dn\u0105 cen\u0119. Ostatecznie urzek\u0142o nas podej\u015bcie do serwisu (wymiana 1:1 w ci\u0105gu pierwszego roku oraz serwis w Polsce) oraz wysoka dost\u0119pno\u015b\u0107 towaru w magazynie w Warszawie, w przeciwie\u0144stwie do konkurencji. Uwa\u017camy, \u017ce jest to najlepsza oferta na rynku, dlatego nad ni\u0105 pracujemy. W Chisage odpowiadamy za rynki europejskie, ze szczeg\u00f3lnym uwzgl\u0119dnieniem kraj\u00f3w ba\u0142tyckich (Litwa, \u0141otwa, Estonia).<\/p><p class=\"elementor-image-box-title\" style=\"text-align: center;\"><span style=\"color: #bf0008;\"><strong>CEO of RBS Energia<\/strong><\/span><\/p>\t\t\t\t\t\t\t\t<\/div>\n\t\t\t\t<\/div>\n\t\t\t\t\t<\/div>\n\t\t\t\t<\/div>\n\t\t\t\t\t\t\t\t<\/div>\n\t\t\t\t\t\t\t\t<\/div>\n\t\t<\/div>\n\t\t\t\t\t<div class=\"elementor-swiper-button elementor-swiper-button-prev\" role=\"button\" tabindex=\"0\" aria-label=\"Previous\">\n\t\t\t\t<i aria-hidden=\"true\" class=\"fas fa-chevron-left\"><\/i>\t\t\t<\/div>\n\t\t\t<div class=\"elementor-swiper-button elementor-swiper-button-next\" role=\"button\" tabindex=\"0\" aria-label=\"Next\">\n\t\t\t\t<i aria-hidden=\"true\" class=\"fas fa-chevron-right\"><\/i>\t\t\t<\/div>\n\t\t\t\t\t<div class=\"swiper-pagination\"><\/div>\n\t\t\t\t\t\t<\/div>\n\t\t\t\t<\/div>\n\t\t\t\t\t<\/div>\n\t\t<\/div>\n\t\t\t\t\t<\/div>\n\t\t<\/section>\n\t\t\t\t\t<\/div>\n\t\t<\/div>\n\t\t\t\t\t<\/div>\n\t\t<\/section>\n\t\t\t\t<\/div>\n\t\t","protected":false},"excerpt":{"rendered":"<p>Co M\u00f3wi\u0105 Klienci Pos\u0142uchaj, co zadowoleni klienci m\u00f3wi\u0105 [&hellip;]<\/p>\n","protected":false},"author":1,"featured_media":0,"parent":0,"menu_order":0,"comment_status":"closed","ping_status":"closed","template":"","meta":{"site-sidebar-layout":"no-sidebar","site-content-layout":"page-builder","ast-site-content-layout":"full-width-container","site-content-style":"default","site-sidebar-style":"default","ast-global-header-display":"","ast-banner-title-visibility":"","ast-main-header-display":"","ast-hfb-above-header-display":"","ast-hfb-below-header-display":"","ast-hfb-mobile-header-display":"","site-post-title":"disabled","ast-breadcrumbs-content":"","ast-featured-img":"disabled","footer-sml-layout":"","ast-disable-related-posts":"","theme-transparent-header-meta":"default","adv-header-id-meta":"","stick-header-meta":"default","header-above-stick-meta":"","header-main-stick-meta":"","header-below-stick-meta":"","astra-migrate-meta-layouts":"set","ast-page-background-enabled":"default","ast-page-background-meta":{"desktop":{"background-color":"","background-image":"","background-repeat":"repeat","background-position":"center center","background-size":"auto","background-attachment":"scroll","background-type":"","background-media":"","overlay-type":"","overlay-color":"","overlay-opacity":"","overlay-gradient":""},"tablet":{"background-color":"","background-image":"","background-repeat":"repeat","background-position":"center center","background-size":"auto","background-attachment":"scroll","background-type":"","background-media":"","overlay-type":"","overlay-color":"","overlay-opacity":"","overlay-gradient":""},"mobile":{"background-color":"","background-image":"","background-repeat":"repeat","background-position":"center center","background-size":"auto","background-attachment":"scroll","background-type":"","background-media":"","overlay-type":"","overlay-color":"","overlay-opacity":"","overlay-gradient":""}},"ast-content-background-meta":{"desktop":{"background-color":"var(--ast-global-color-5)","background-image":"","background-repeat":"repeat","background-position":"center center","background-size":"auto","background-attachment":"scroll","background-type":"","background-media":"","overlay-type":"","overlay-color":"","overlay-opacity":"","overlay-gradient":""},"tablet":{"background-color":"var(--ast-global-color-5)","background-image":"","background-repeat":"repeat","background-position":"center center","background-size":"auto","background-attachment":"scroll","background-type":"","background-media":"","overlay-type":"","overlay-color":"","overlay-opacity":"","overlay-gradient":""},"mobile":{"background-color":"var(--ast-global-color-5)","background-image":"","background-repeat":"repeat","background-position":"center center","background-size":"auto","background-attachment":"scroll","background-type":"","background-media":"","overlay-type":"","overlay-color":"","overlay-opacity":"","overlay-gradient":""}},"footnotes":""},"class_list":["post-20719","page","type-page","status-publish","hentry"],"_links":{"self":[{"href":"https:\/\/br.chisagess.com\/index.php\/wp-json\/wp\/v2\/pages\/20719","targetHints":{"allow":["GET"]}}],"collection":[{"href":"https:\/\/br.chisagess.com\/index.php\/wp-json\/wp\/v2\/pages"}],"about":[{"href":"https:\/\/br.chisagess.com\/index.php\/wp-json\/wp\/v2\/types\/page"}],"author":[{"embeddable":true,"href":"https:\/\/br.chisagess.com\/index.php\/wp-json\/wp\/v2\/users\/1"}],"replies":[{"embeddable":true,"href":"https:\/\/br.chisagess.com\/index.php\/wp-json\/wp\/v2\/comments?post=20719"}],"version-history":[{"count":14,"href":"https:\/\/br.chisagess.com\/index.php\/wp-json\/wp\/v2\/pages\/20719\/revisions"}],"predecessor-version":[{"id":21155,"href":"https:\/\/br.chisagess.com\/index.php\/wp-json\/wp\/v2\/pages\/20719\/revisions\/21155"}],"wp:attachment":[{"href":"https:\/\/br.chisagess.com\/index.php\/wp-json\/wp\/v2\/media?parent=20719"}],"curies":[{"name":"wp","href":"https:\/\/api.w.org\/{rel}","templated":true}]}}