{"id":20727,"date":"2024-06-11T12:11:42","date_gmt":"2024-06-11T10:11:42","guid":{"rendered":"https:\/\/www.chisagepolska.pl\/?page_id=20727"},"modified":"2024-08-09T09:52:44","modified_gmt":"2024-08-09T07:52:44","slug":"partners","status":"publish","type":"page","link":"https:\/\/br.chisagess.com\/index.php\/partners\/","title":{"rendered":"Partnerzy"},"content":{"rendered":"\t\t<div data-elementor-type=\"wp-page\" data-elementor-id=\"20727\" class=\"elementor elementor-20727\" data-elementor-post-type=\"page\">\n\t\t\t\t<div class=\"elementor-element elementor-element-7c191cd e-con-full e-flex e-con e-parent\" data-id=\"7c191cd\" data-element_type=\"container\" data-e-type=\"container\">\n\t\t\t\t<div class=\"elementor-element elementor-element-cd37517 elementor-widget elementor-widget-image\" data-id=\"cd37517\" data-element_type=\"widget\" data-e-type=\"widget\" data-widget_type=\"image.default\">\n\t\t\t\t<div class=\"elementor-widget-container\">\n\t\t\t\t\t\t\t\t\t\t\t\t\t\t\t<img fetchpriority=\"high\" decoding=\"async\" width=\"1920\" height=\"720\" src=\"https:\/\/br.chisagess.com\/wp-content\/uploads\/2024\/06\/CHISAGE-ESS-Produktfamilien-2-1-e1701246751225.jpg\" class=\"attachment-full size-full wp-image-20730\" alt=\"\" srcset=\"https:\/\/br.chisagess.com\/wp-content\/uploads\/2024\/06\/CHISAGE-ESS-Produktfamilien-2-1-e1701246751225.jpg 1920w, https:\/\/br.chisagess.com\/wp-content\/uploads\/2024\/06\/CHISAGE-ESS-Produktfamilien-2-1-e1701246751225-300x113.jpg 300w, https:\/\/br.chisagess.com\/wp-content\/uploads\/2024\/06\/CHISAGE-ESS-Produktfamilien-2-1-e1701246751225-1024x384.jpg 1024w, https:\/\/br.chisagess.com\/wp-content\/uploads\/2024\/06\/CHISAGE-ESS-Produktfamilien-2-1-e1701246751225-768x288.jpg 768w, https:\/\/br.chisagess.com\/wp-content\/uploads\/2024\/06\/CHISAGE-ESS-Produktfamilien-2-1-e1701246751225-1536x576.jpg 1536w\" sizes=\"(max-width: 1920px) 100vw, 1920px\" \/>\t\t\t\t\t\t\t\t\t\t\t\t\t\t\t<\/div>\n\t\t\t\t<\/div>\n\t\t<div class=\"elementor-element elementor-element-1a87815 e-flex e-con-boxed e-con e-child\" data-id=\"1a87815\" data-element_type=\"container\" data-e-type=\"container\">\n\t\t\t\t\t<div class=\"e-con-inner\">\n\t\t\t\t<div class=\"elementor-element elementor-element-bec426d elementor-widget elementor-widget-heading\" data-id=\"bec426d\" data-element_type=\"widget\" data-e-type=\"widget\" data-widget_type=\"heading.default\">\n\t\t\t\t<div class=\"elementor-widget-container\">\n\t\t\t\t\t<h1 class=\"elementor-heading-title elementor-size-default\">Nasi Partnerzy<\/h1>\t\t\t\t<\/div>\n\t\t\t\t<\/div>\n\t\t\t\t<div class=\"elementor-element elementor-element-cf9cdad elementor-widget elementor-widget-text-editor\" data-id=\"cf9cdad\" data-element_type=\"widget\" data-e-type=\"widget\" data-widget_type=\"text-editor.default\">\n\t\t\t\t<div class=\"elementor-widget-container\">\n\t\t\t\t\t\t\t\t\t<p>Nasi partnerzy pomagaj\u0105 nam dostarcza\u0107 innowacyjne rozwi\u0105zania w zakresie magazynowania energii w ca\u0142ej Europie. Jeste\u015bmy dumni ze wsp\u00f3\u0142pracy z wiod\u0105cymi firmami w bran\u017cy.<\/p>\t\t\t\t\t\t\t\t<\/div>\n\t\t\t\t<\/div>\n\t\t\t\t\t<\/div>\n\t\t\t\t<\/div>\n\t\t<div class=\"elementor-element elementor-element-f2594b0 e-flex e-con-boxed e-con e-child\" data-id=\"f2594b0\" data-element_type=\"container\" data-e-type=\"container\">\n\t\t\t\t\t<div class=\"e-con-inner\">\n\t\t<div class=\"elementor-element elementor-element-978e055 e-flex e-con-boxed e-con e-child\" data-id=\"978e055\" data-element_type=\"container\" data-e-type=\"container\">\n\t\t\t\t\t<div class=\"e-con-inner\">\n\t\t\t\t<div class=\"elementor-element elementor-element-759998f elementor-widget elementor-widget-image\" data-id=\"759998f\" data-element_type=\"widget\" data-e-type=\"widget\" data-widget_type=\"image.default\">\n\t\t\t\t<div class=\"elementor-widget-container\">\n\t\t\t\t\t\t\t\t\t\t\t\t\t\t\t<img decoding=\"async\" width=\"1095\" height=\"256\" src=\"https:\/\/br.chisagess.com\/wp-content\/uploads\/2024\/06\/ARC-LOGO-3.jpg\" class=\"attachment-full size-full wp-image-20817\" alt=\"ARC LOGO-3\" srcset=\"https:\/\/br.chisagess.com\/wp-content\/uploads\/2024\/06\/ARC-LOGO-3.jpg 1095w, https:\/\/br.chisagess.com\/wp-content\/uploads\/2024\/06\/ARC-LOGO-3-300x70.jpg 300w, https:\/\/br.chisagess.com\/wp-content\/uploads\/2024\/06\/ARC-LOGO-3-1024x239.jpg 1024w, https:\/\/br.chisagess.com\/wp-content\/uploads\/2024\/06\/ARC-LOGO-3-768x180.jpg 768w\" sizes=\"(max-width: 1095px) 100vw, 1095px\" \/>\t\t\t\t\t\t\t\t\t\t\t\t\t\t\t<\/div>\n\t\t\t\t<\/div>\n\t\t\t\t<div class=\"elementor-element elementor-element-51e1b5b elementor-widget elementor-widget-text-editor\" data-id=\"51e1b5b\" data-element_type=\"widget\" data-e-type=\"widget\" data-widget_type=\"text-editor.default\">\n\t\t\t\t<div class=\"elementor-widget-container\">\n\t\t\t\t\t\t\t\t\t<h2 style=\"text-align: center;\">Grupa ARC<\/h2><p>Telefon: +420 773 705 346<br \/>E-mail: obchod@arcgroup.cz<br \/>Strona Internetowa: www.arcgreen.cz<br \/>Adres: Mo\u0161nov 421, 742 51 Mo\u0161nov<\/p>\t\t\t\t\t\t\t\t<\/div>\n\t\t\t\t<\/div>\n\t\t\t\t\t<\/div>\n\t\t\t\t<\/div>\n\t\t<div class=\"elementor-element elementor-element-b2b7e40 e-flex e-con-boxed e-con e-child\" data-id=\"b2b7e40\" data-element_type=\"container\" data-e-type=\"container\">\n\t\t\t\t\t<div class=\"e-con-inner\">\n\t\t\t\t<div class=\"elementor-element elementor-element-ee91fe9 elementor-widget elementor-widget-image\" data-id=\"ee91fe9\" data-element_type=\"widget\" data-e-type=\"widget\" data-widget_type=\"image.default\">\n\t\t\t\t<div class=\"elementor-widget-container\">\n\t\t\t\t\t\t\t\t\t\t\t\t\t\t\t<img decoding=\"async\" width=\"1095\" height=\"256\" src=\"https:\/\/br.chisagess.com\/wp-content\/uploads\/2024\/06\/Ecosolar-logo-3.jpg\" class=\"attachment-full size-full wp-image-20818\" alt=\"Ecosolar logo-3\" srcset=\"https:\/\/br.chisagess.com\/wp-content\/uploads\/2024\/06\/Ecosolar-logo-3.jpg 1095w, https:\/\/br.chisagess.com\/wp-content\/uploads\/2024\/06\/Ecosolar-logo-3-300x70.jpg 300w, https:\/\/br.chisagess.com\/wp-content\/uploads\/2024\/06\/Ecosolar-logo-3-1024x239.jpg 1024w, https:\/\/br.chisagess.com\/wp-content\/uploads\/2024\/06\/Ecosolar-logo-3-768x180.jpg 768w\" sizes=\"(max-width: 1095px) 100vw, 1095px\" \/>\t\t\t\t\t\t\t\t\t\t\t\t\t\t\t<\/div>\n\t\t\t\t<\/div>\n\t\t\t\t<div class=\"elementor-element elementor-element-59cabf8 elementor-widget elementor-widget-text-editor\" data-id=\"59cabf8\" data-element_type=\"widget\" data-e-type=\"widget\" data-widget_type=\"text-editor.default\">\n\t\t\t\t<div class=\"elementor-widget-container\">\n\t\t\t\t\t\t\t\t\t<h2 style=\"text-align: center;\">Ecosolar<\/h2><p>Telefon: +48 606 220 875<br \/>E-mail: kielce.ecosolar@gmail.com<br \/>Strona Internetowa: ecosolarkielce.pl<br \/>Adres: ul. Graniczna 47 26-001 Mas\u0142\u00f3w<\/p>\t\t\t\t\t\t\t\t<\/div>\n\t\t\t\t<\/div>\n\t\t\t\t\t<\/div>\n\t\t\t\t<\/div>\n\t\t<div class=\"elementor-element elementor-element-38ed38b e-flex e-con-boxed e-con e-child\" data-id=\"38ed38b\" data-element_type=\"container\" data-e-type=\"container\">\n\t\t\t\t\t<div class=\"e-con-inner\">\n\t\t\t\t\t<\/div>\n\t\t\t\t<\/div>\n\t\t<div class=\"elementor-element elementor-element-42b5144 e-flex e-con-boxed e-con e-child\" data-id=\"42b5144\" data-element_type=\"container\" data-e-type=\"container\">\n\t\t\t\t\t<div class=\"e-con-inner\">\n\t\t\t\t\t<\/div>\n\t\t\t\t<\/div>\n\t\t\t\t\t<\/div>\n\t\t\t\t<\/div>\n\t\t\t\t<\/div>\n\t\t<div class=\"elementor-element elementor-element-0b83284 e-flex e-con-boxed e-con e-parent\" data-id=\"0b83284\" data-element_type=\"container\" data-e-type=\"container\">\n\t\t\t\t\t<div class=\"e-con-inner\">\n\t\t\t\t<div class=\"elementor-element elementor-element-670c365 elementor-align-center elementor-widget elementor-widget-button\" data-id=\"670c365\" data-element_type=\"widget\" data-e-type=\"widget\" data-widget_type=\"button.default\">\n\t\t\t\t<div class=\"elementor-widget-container\">\n\t\t\t\t\t\t\t\t\t<div class=\"elementor-button-wrapper\">\n\t\t\t\t\t<a class=\"elementor-button elementor-button-link elementor-size-sm elementor-animation-grow\" href=\"#elementor-action%3Aaction%3Dpopup%3Aopen%26settings%3DeyJpZCI6IjIwNzM0IiwidG9nZ2xlIjpmYWxzZX0%3D\">\n\t\t\t\t\t\t<span class=\"elementor-button-content-wrapper\">\n\t\t\t\t\t\t\t\t\t<span class=\"elementor-button-text\">Zosta\u0144 partnerem<\/span>\n\t\t\t\t\t<\/span>\n\t\t\t\t\t<\/a>\n\t\t\t\t<\/div>\n\t\t\t\t\t\t\t\t<\/div>\n\t\t\t\t<\/div>\n\t\t\t\t\t<\/div>\n\t\t\t\t<\/div>\n\t\t\t\t<\/div>\n\t\t","protected":false},"excerpt":{"rendered":"<p>Nasi Partnerzy Nasi partnerzy pomagaj\u0105 nam dostarcza\u0107 i [&hellip;]<\/p>\n","protected":false},"author":1,"featured_media":0,"parent":0,"menu_order":0,"comment_status":"closed","ping_status":"closed","template":"","meta":{"site-sidebar-layout":"no-sidebar","site-content-layout":"page-builder","ast-site-content-layout":"full-width-container","site-content-style":"default","site-sidebar-style":"default","ast-global-header-display":"","ast-banner-title-visibility":"","ast-main-header-display":"","ast-hfb-above-header-display":"","ast-hfb-below-header-display":"","ast-hfb-mobile-header-display":"","site-post-title":"disabled","ast-breadcrumbs-content":"","ast-featured-img":"disabled","footer-sml-layout":"","ast-disable-related-posts":"","theme-transparent-header-meta":"default","adv-header-id-meta":"","stick-header-meta":"default","header-above-stick-meta":"","header-main-stick-meta":"","header-below-stick-meta":"","astra-migrate-meta-layouts":"set","ast-page-background-enabled":"default","ast-page-background-meta":{"desktop":{"background-color":"","background-image":"","background-repeat":"repeat","background-position":"center center","background-size":"auto","background-attachment":"scroll","background-type":"","background-media":"","overlay-type":"","overlay-color":"","overlay-opacity":"","overlay-gradient":""},"tablet":{"background-color":"","background-image":"","background-repeat":"repeat","background-position":"center center","background-size":"auto","background-attachment":"scroll","background-type":"","background-media":"","overlay-type":"","overlay-color":"","overlay-opacity":"","overlay-gradient":""},"mobile":{"background-color":"","background-image":"","background-repeat":"repeat","background-position":"center center","background-size":"auto","background-attachment":"scroll","background-type":"","background-media":"","overlay-type":"","overlay-color":"","overlay-opacity":"","overlay-gradient":""}},"ast-content-background-meta":{"desktop":{"background-color":"var(--ast-global-color-5)","background-image":"","background-repeat":"repeat","background-position":"center center","background-size":"auto","background-attachment":"scroll","background-type":"","background-media":"","overlay-type":"","overlay-color":"","overlay-opacity":"","overlay-gradient":""},"tablet":{"background-color":"var(--ast-global-color-5)","background-image":"","background-repeat":"repeat","background-position":"center center","background-size":"auto","background-attachment":"scroll","background-type":"","background-media":"","overlay-type":"","overlay-color":"","overlay-opacity":"","overlay-gradient":""},"mobile":{"background-color":"var(--ast-global-color-5)","background-image":"","background-repeat":"repeat","background-position":"center center","background-size":"auto","background-attachment":"scroll","background-type":"","background-media":"","overlay-type":"","overlay-color":"","overlay-opacity":"","overlay-gradient":""}},"footnotes":""},"class_list":["post-20727","page","type-page","status-publish","hentry"],"_links":{"self":[{"href":"https:\/\/br.chisagess.com\/index.php\/wp-json\/wp\/v2\/pages\/20727","targetHints":{"allow":["GET"]}}],"collection":[{"href":"https:\/\/br.chisagess.com\/index.php\/wp-json\/wp\/v2\/pages"}],"about":[{"href":"https:\/\/br.chisagess.com\/index.php\/wp-json\/wp\/v2\/types\/page"}],"author":[{"embeddable":true,"href":"https:\/\/br.chisagess.com\/index.php\/wp-json\/wp\/v2\/users\/1"}],"replies":[{"embeddable":true,"href":"https:\/\/br.chisagess.com\/index.php\/wp-json\/wp\/v2\/comments?post=20727"}],"version-history":[{"count":15,"href":"https:\/\/br.chisagess.com\/index.php\/wp-json\/wp\/v2\/pages\/20727\/revisions"}],"predecessor-version":[{"id":21078,"href":"https:\/\/br.chisagess.com\/index.php\/wp-json\/wp\/v2\/pages\/20727\/revisions\/21078"}],"wp:attachment":[{"href":"https:\/\/br.chisagess.com\/index.php\/wp-json\/wp\/v2\/media?parent=20727"}],"curies":[{"name":"wp","href":"https:\/\/api.w.org\/{rel}","templated":true}]}}